{"id":20744,"date":"2022-04-27T18:20:46","date_gmt":"2022-04-27T16:20:46","guid":{"rendered":"https:\/\/alcompasrevista.com\/cookies"},"modified":"2024-05-26T08:07:15","modified_gmt":"2024-05-26T06:07:15","slug":"cookies","status":"publish","type":"page","link":"https:\/\/alcompasrevista.com\/va\/cookies","title":{"rendered":"COOKIES"},"content":{"rendered":"\t\t<div data-elementor-type=\"wp-page\" data-elementor-id=\"20744\" class=\"elementor elementor-20744 elementor-2611\" data-elementor-post-type=\"page\">\n\t\t\t\t\t\t<section class=\"elementor-section elementor-top-section elementor-element elementor-element-11baf4b9 elementor-hidden-mobile elementor-section-boxed elementor-section-height-default elementor-section-height-default\" data-id=\"11baf4b9\" data-element_type=\"section\" data-e-type=\"section\" data-settings=\"{&quot;jet_parallax_layout_list&quot;:[],&quot;background_background&quot;:&quot;classic&quot;}\">\n\t\t\t\t\t\t<div class=\"elementor-container elementor-column-gap-default\">\n\t\t\t\t\t<div class=\"elementor-column elementor-col-100 elementor-top-column elementor-element elementor-element-44f6e499\" data-id=\"44f6e499\" data-element_type=\"column\" data-e-type=\"column\">\n\t\t\t<div class=\"elementor-widget-wrap elementor-element-populated\">\n\t\t\t\t\t\t<div class=\"elementor-element elementor-element-38afa8fb elementor-widget elementor-widget-heading\" data-id=\"38afa8fb\" data-element_type=\"widget\" data-e-type=\"widget\" data-widget_type=\"heading.default\">\n\t\t\t\t<div class=\"elementor-widget-container\">\n\t\t\t\t\t<h2 class=\"elementor-heading-title elementor-size-default\">Cookies<\/h2>\t\t\t\t<\/div>\n\t\t\t\t<\/div>\n\t\t\t\t\t<\/div>\n\t\t<\/div>\n\t\t\t\t\t<\/div>\n\t\t<\/section>\n\t\t\t\t<section class=\"elementor-section elementor-top-section elementor-element elementor-element-6ff9f2c5 elementor-hidden-mobile elementor-section-boxed elementor-section-height-default elementor-section-height-default\" data-id=\"6ff9f2c5\" data-element_type=\"section\" data-e-type=\"section\" data-settings=\"{&quot;jet_parallax_layout_list&quot;:[]}\">\n\t\t\t\t\t\t<div class=\"elementor-container elementor-column-gap-default\">\n\t\t\t\t\t<div class=\"elementor-column elementor-col-25 elementor-top-column elementor-element elementor-element-9849cd8\" data-id=\"9849cd8\" data-element_type=\"column\" data-e-type=\"column\">\n\t\t\t<div class=\"elementor-widget-wrap\">\n\t\t\t\t\t\t\t<\/div>\n\t\t<\/div>\n\t\t\t\t<div class=\"elementor-column elementor-col-50 elementor-top-column elementor-element elementor-element-634107f7\" data-id=\"634107f7\" data-element_type=\"column\" data-e-type=\"column\">\n\t\t\t<div class=\"elementor-widget-wrap elementor-element-populated\">\n\t\t\t\t\t\t<div class=\"elementor-element elementor-element-47fadb1b elementor-widget elementor-widget-text-editor\" data-id=\"47fadb1b\" data-element_type=\"widget\" data-e-type=\"widget\" data-widget_type=\"text-editor.default\">\n\t\t\t\t<div class=\"elementor-widget-container\">\n\t\t\t\t\t\t\t\t\t<header><\/header>\n<div class=\"\">\n<div class=\"\">\n<p>En esta web s&#8217;utilitzen cookies de tercers i pr\u00f2pies per a aconseguir que tingues una millor experi\u00e8ncia de navegaci\u00f3, pugues compartir contingut en xarxes socials i perqu\u00e8 puguem obtindre estad\u00edstiques dels usuaris.<\/p>\n<p>Pots evitar la desc\u00e0rrega de cookies a trav\u00e9s de la configuraci\u00f3 del teu navegador, evitant que les cookies s&#8217;emmagatzemen en el seu dispositiu.<\/p>\n<p>Com a propietari d&#8217;este lloc web, et comunique que no utilitzem cap informaci\u00f3 personal procedent de cookies, tan sols realitzem estad\u00edstiques generals de visites que no suposen cap informaci\u00f3 personal.<\/p>\n<p>\u00c9s molt important que lliges la present pol\u00edtica de cookies i comprengues que, si continues navegant, considerarem que acceptes el seu \u00fas.<\/p>\n<p>Segons els termes inclosos en l&#8217;article 22.2 de la Llei 34\/2002 de Servicis de la Societat de la Informaci\u00f3 i Comer\u00e7 Electr\u00f2nic, si continues navegant, estar\u00e0s prestant el teu consentiment per a l&#8217;\u00fas dels referits mecanismes.<\/p>\n<h3>Entitat Responsable<\/h3>\n<p class=\"ng-binding\">L&#8217;entitat responsable de la recollida, processament i utilitzaci\u00f3 de les teues dades personals, en el sentit establit per la Llei de Protecci\u00f3 de Dades Personals \u00e9s la p\u00e0gina Revista Al Comp\u00e0s, Carrer Democr\u00e0cia n\u00fam. 62 de Val\u00e8ncia (46018).<\/p>\n<h3>Qu\u00e8 s\u00f3n les cookies?<\/h3>\n<p>Les cookies s\u00f3n un conjunt de dades que un servidor deposita en el navegador de l&#8217;usuari per a arreplegar la informaci\u00f3 de registre est\u00e0ndard d&#8217;Internet i la informaci\u00f3 del comportament dels visitants en un lloc web. \u00c9s a dir, es tracta de xicotets arxius de text que queden emmagatzemats en el disc dur de l&#8217;ordinador i que servixen per a identificar a l&#8217;usuari quan es connecta novament al lloc web. El seu objectiu \u00e9s registrar la visita de l&#8217;usuari i guardar una certa informaci\u00f3. El seu \u00fas \u00e9s com\u00fa i freq\u00fcent en la web ja que permet a les p\u00e0gines funcionar de manera m\u00e9s eficient i aconseguir una major personalitzaci\u00f3 i an\u00e0lisi sobre el comportament de l&#8217;usuari.<\/p>\n<h3>Quins tipus de cookies existixen?<\/h3>\n<p>Les cookies utilitzades en el nostre lloc web, s\u00f3n de sessi\u00f3 i de tercers, i ens permeten emmagatzemar i accedir a informaci\u00f3 relativa a l&#8217;idioma, el tipus de navegador utilitzat, i altres caracter\u00edstiques generals predefinides per l&#8217;usuari, aix\u00ed com, seguir i analitzar l&#8217;activitat que duu a terme, a fi d&#8217;introduir millores i prestar els nostres servicis d&#8217;una manera m\u00e9s eficient i personalitzada.<\/p>\n<p class=\"ng-binding\">Les cookies, en funci\u00f3 de la seua perman\u00e8ncia, poden dividir-se en cookies de sessi\u00f3 o permanents. Les que expiren quan l&#8217;usuari tanca el navegador. Les que expiren en funci\u00f3 de quan es complisca l&#8217;objectiu per al qual servixen (per exemple, perqu\u00e8 l&#8217;usuari es mantinga identificat en els servicis de ) o b\u00e9 quan s&#8217;esborren manualment.<\/p>\n<table border=\"0\" width=\"100%\" cellpadding=\"15\">\n<tbody>\n<tr>\n<td>Nomene<\/td>\n<td>Tipus<\/td>\n<td>Caducitat<\/td>\n<td>Finalitat<\/td>\n<td>Classe<\/td>\n<\/tr>\n<tr>\n<td>__utma<\/td>\n<td>De Tercers (Google Analytics)<\/td>\n<td>2 anys<\/td>\n<td>S&#8217;usa per a distingir usuaris i sessions<\/td>\n<td>No Exempta<\/td>\n<\/tr>\n<tr>\n<td>__utmb<\/td>\n<td>De Tercers(Google Analytics)<\/td>\n<td>30 minuts<\/td>\n<td>S&#8217;usa per a determinar noves sessions o visites<\/td>\n<td>No Exempta<\/td>\n<\/tr>\n<tr>\n<td>__utmc<\/td>\n<td>De Tecers (Google Analytics)<\/td>\n<td>En finalitzar la sessi\u00f3<\/td>\n<td>Es configura per al seu \u00fas amb Urchin<\/td>\n<td>No Exempta<\/td>\n<\/tr>\n<tr>\n<td>__utmz<\/td>\n<td>De Tercers (Google Analytics)<\/td>\n<td>6 mesos<\/td>\n<td>Emmagatzema l&#8217;origen o la campanya que explica com l&#8217;usuari ha arribat fins a la p\u00e0gina web<\/td>\n<td>No Exempta<\/td>\n<\/tr>\n<\/tbody>\n<\/table>\n<p class=\"ng-binding\">Addicionalment, en funci\u00f3 del seu objectiu, les cookies poden classificar-se de la manera seg\u00fcent:<\/p>\n<h3>Cookies de rendiment<\/h3>\n<p>Este tipus de Cookie recorda les seues prefer\u00e8ncies per a les ferramentes que es troben en els servicis, per la qual cosa no ha de tornar a configurar el servici cada vegada que vost\u00e9 visita. A tall d&#8217;exemple, en esta tipologia s&#8217;inclouen: Ajustos de volum de reproductors de v\u00eddeo o so. Les velocitats de transmissi\u00f3 de v\u00eddeo que siguen compatibles amb el seu navegador. Els objectes guardats en el \u201ccarret de la compra\u201d en els servicis de comer\u00e7 electr\u00f2nic com ara botigues.<\/p>\n<h3>Cookies de geo-localitzaci\u00f3<\/h3>\n<p>Estes cookies s\u00f3n utilitzades per a esbrinar en quin pa\u00eds es troba quan se sol\u00b7licita un servici. Esta cookie \u00e9s totalment an\u00f2nima, i nom\u00e9s s&#8217;utilitza per a ajudar a orientar el contingut a la seua ubicaci\u00f3.<\/p>\n<h3>Cookies de registre<\/h3>\n<p>Les cookies de registre es generen una vegada que l&#8217;usuari s&#8217;ha registrat o posteriorment ha obert la seua sessi\u00f3, i s&#8217;utilitzen per a identificar-li en els servicis amb els seg\u00fcents objectius:<\/p>\n<p>Mantindre a l&#8217;usuari identificat de manera que, si tanca un servici, el navegador o l&#8217;ordinador i en un altre moment o un altre dia torna a entrar en este servici, seguir\u00e0 identificat, facilitant aix\u00ed la seua navegaci\u00f3 sense haver de tornar a identificar-se. Esta funcionalitat es pot suprimir si l&#8217;usuari polsa la funcionalitat [cerrar sesi\u00f3n], de manera que esta cookie s&#8217;elimina i la pr\u00f2xima vegada que entre en el servici l&#8217;usuari haur\u00e0 d&#8217;iniciar sessi\u00f3 per a estar identificat.<\/p>\n<p>Comprovar si l&#8217;usuari est\u00e0 autoritzat per a accedir a uns certs servicis, per exemple, per a participar en un concurs.<\/p>\n<p>Addicionalment, alguns servicis poden utilitzar connectors amb xarxes socials com ara Facebook o Twitter. Quan l&#8217;usuari es registra en un servici amb credencials d&#8217;una xarxa social, autoritza la xarxa social a guardar una Cookie persistent que recorda la seua identitat i li garantix acc\u00e9s als servicis fins que expira. L&#8217;usuari pot esborrar esta Cookie i revocar l&#8217;acc\u00e9s als servicis mitjan\u00e7ant xarxes socials actualitzant les seues prefer\u00e8ncies en la xarxa social que espec\u00edfica.<\/p>\n<h3>Cookies d&#8217;anal\u00edtiques<\/h3>\n<p class=\"ng-binding\">Cada vegada que un usuari visita un servici, una ferramenta d&#8217;un prove\u00efdor extern genera una cookie anal\u00edtica en l&#8217;ordinador de l&#8217;usuari. Esta cookie que nom\u00e9s es genera en la visita, servir\u00e0 en pr\u00f2ximes visites als servicis de per a identificar de manera an\u00f2nima al visitant. Els objectius principals que es perseguixen s\u00f3n:<\/p>\n<p>Permetre la identificaci\u00f3 an\u00f2nima dels usuaris navegants a trav\u00e9s de la cookie (identifica navegadors i dispositius, no persones) i per tant la comptabilitzaci\u00f3 aproximada del nombre de visitants i la seua tend\u00e8ncia en el temps.<br \/>Identificar de manera an\u00f2nima els continguts m\u00e9s visitats i per tant m\u00e9s atractius per als usuaris Saber si l&#8217;usuari que est\u00e0 accedint \u00e9s nou o repetix visita.<\/p>\n<p class=\"ng-binding\">Important: Llevat que l&#8217;usuari decidisca registrar-se en un servici de , la cookie mai anir\u00e0 associada a cap dada de car\u00e0cter personal que puga identificar-li. Estes cookies nom\u00e9s seran utilitzades amb prop\u00f2sits estad\u00edstics que ajuden a l&#8217;optimitzaci\u00f3 de l&#8217;experi\u00e8ncia dels usuaris en el lloc.<\/p>\n<h3>Cookies de publicitat<\/h3>\n<p class=\"ng-binding\">Este tipus de cookies permeten ampliar la informaci\u00f3 dels anuncis mostrats a cada usuari an\u00f2nim en els servicis de . Entre altres, s&#8217;emmagatzema la duraci\u00f3 o freq\u00fc\u00e8ncia de visualitzaci\u00f3 de posicions publicit\u00e0ries, la interacci\u00f3 amb estes, o els patrons de navegaci\u00f3 i\/o comportaments de l&#8217;usuari ja que ajuden a conformar un perfil d&#8217;inter\u00e9s publicitari. D&#8217;esta manera, permeten oferir publicitat af\u00ed als interessos de l&#8217;usuari.<\/p>\n<h3>Cookies publicit\u00e0ries de tercers<\/h3>\n<p class=\"ng-binding\">A m\u00e9s de la publicitat gestionada per les webs d&#8217;en els seus servicis, les webs d&#8217;oferixen als seus anunciants l&#8217;opci\u00f3 de servir anuncis a trav\u00e9s de tercers (\u201c*Ad-Servers\u201d). D&#8217;esta manera, estos tercers poden emmagatzemar cookies enviades des dels servicis de procedents dels navegadors dels usuaris, aix\u00ed com accedir a les dades que en elles es guarden.<\/p>\n<p class=\"ng-binding\">Les empreses que generen estes cookies tenen les seues pr\u00f2pies pol\u00edtiques de privacitat. En l&#8217;actualitat, les webs d&#8217;utilitzen la plataforma Doubleclick (Google) per a gestionar estos servicis. Per a m\u00e9s informaci\u00f3, acudisca a<\/p>\n<p><a href=\"https:\/\/www.google.es\/policies\/privacy\/ads\/#toc-doubleclick\">http:\/\/www.google.es\/policies\/privacy\/ads\/#toc-doubleclick<\/a> o <a href=\"https:\/\/www.google.es\/policies\/privacy\/ads\/\">http:\/\/www.google.es\/policies\/privacy\/ads\/<\/a>.<\/p>\n<h3>Com puc deshabilitar les cookies en el meu navegador?<\/h3>\n<p>Es poden configurar els diferents navegadors per a avisar a l&#8217;usuari de la recepci\u00f3 de cookies i, si es desitja, impedir la seua instal\u00b7laci\u00f3 en l&#8217;equip. Aix\u00ed mateix, l&#8217;usuari pot revisar en el seu navegador quines cookies t\u00e9 instal\u00b7lades i quin \u00e9s el termini de caducitat d&#8217;estes, podent eliminar-les.<\/p>\n<p>Per a ampliar esta informaci\u00f3 consulte les instruccions i manuals del seu navegador:<\/p>\n<p>Per a m\u00e9s informaci\u00f3 sobre l&#8217;administraci\u00f3 de les cookies en Google Chrome: <a href=\"https:\/\/support.google.com\/chrome\/answer\/95647?hl=es\">https:\/\/support.google.com\/chrome\/answer\/95647?hl=es<\/a><\/p>\n<p>Per a m\u00e9s informaci\u00f3 sobre l&#8217;administraci\u00f3 de les cookies en Internet Explorer: <a href=\"http:\/\/windows.microsoft.com\/es-es\/windows-vista\/cookies-frequently-asked-questions\">http:\/\/windows.microsoft.com\/es-es\/windows-vista\/cookies-frequently-asked-questions<\/a><\/p>\n<p>Per a m\u00e9s informaci\u00f3 sobre l&#8217;administraci\u00f3 de les cookies en Mozilla Firefox: <a href=\"http:\/\/support.mozilla.org\/es\/kb\/habilitar-y-deshabilitar-cookies-que-los-sitios-we%20\">http:\/\/support.mozilla.org\/es\/kb\/habilitar-y-deshabilitar-cookies-que-los-sitios-we<\/a><\/p>\n<p>Per a m\u00e9s informaci\u00f3 sobre l&#8217;administraci\u00f3 de les cookies en Safari: <a href=\"http:\/\/www.apple.com\/es\/privacy\/use-of-cookies\/%20\">http:\/\/www.apple.com\/es\/privacy\/use-of-cookies\/<\/a><\/p>\n<p>Per a m\u00e9s informaci\u00f3 sobre l&#8217;administraci\u00f3 de les cookies en Opera: <a href=\"http:\/\/help.opera.com\/Windows\/11.50\/es-ES\/cookies.html\">http:\/\/help.opera.com\/Windows\/11.50\/es-ES\/cookies.html<\/a><\/p>\n<p>Si desitja deixar de ser seguit per Google Analytics visite: <a href=\"https:\/\/tools.google.com\/dlpage\/gaoptout\">http:\/\/tools.google.com\/dlpage\/gaoptout<\/a><\/p>\n<h3>Per a saber m\u00e9s sobre les cookies<\/h3>\n<p>Pot obtindre m\u00e9s informaci\u00f3 sobre la publicitat en l\u00ednia basada en el comportament i la privacitat en l\u00ednia en el seg\u00fcent enlla\u00e7: <a href=\"http:\/\/www.youronlinechoices.com\/es\/\">http:\/\/www.youronlinechoices.com\/es\/<\/a><\/p>\n<p>Protecci\u00f3 de dades de Google Analytics: <a href=\"https:\/\/www.google.com\/analytics\/learn\/privacy.html\">http:\/\/www.google.com\/analytics\/learn\/privacy.html<\/a><\/p>\n<p>Com usa Google Analytics les cookies: <a href=\"https:\/\/developers.google.com\/analytics\/devguides\/collection\/analyticsjs\/cookie-usage?hl=es#analyticsjs\">https:\/\/developers.google.com\/analytics\/devguides\/collection\/analyticsjs\/cookie-usage?hl=es#analyticsjs<\/a><\/p>\n<h3>Actualitzacions i canvis en la pol\u00edtica de privacitat\/cookies<\/h3>\n<p class=\"ng-binding\">Les webs de poden modificar esta Pol\u00edtica de Cookies en funci\u00f3 d&#8217;exig\u00e8ncies legislatives, reglament\u00e0ries, o amb la finalitat d&#8217;adaptar esta pol\u00edtica a les instruccions dictades per l&#8217;Ag\u00e8ncia Espanyola de Protecci\u00f3 de Dades, per aix\u00f2 s&#8217;aconsella als usuaris que la visiten peri\u00f2dicament.<\/p>\n<p>Quan es produ\u00efsquen canvis significatius en esta Pol\u00edtica de Cookies, estos es comunicaran als usuaris b\u00e9 mitjan\u00e7ant la web o a trav\u00e9s de correu electr\u00f2nic als usuaris registrats.<\/p>\n<\/div>\n<\/div>\n\t\t\t\t\t\t\t\t<\/div>\n\t\t\t\t<\/div>\n\t\t\t\t\t<\/div>\n\t\t<\/div>\n\t\t\t\t<div class=\"elementor-column elementor-col-25 elementor-top-column elementor-element elementor-element-82ce9d1\" data-id=\"82ce9d1\" data-element_type=\"column\" data-e-type=\"column\">\n\t\t\t<div class=\"elementor-widget-wrap\">\n\t\t\t\t\t\t\t<\/div>\n\t\t<\/div>\n\t\t\t\t\t<\/div>\n\t\t<\/section>\n\t\t\t\t<\/div>\n\t\t","protected":false},"excerpt":{"rendered":"<p>Cookies En esta web s&#8217;utilitzen cookies de tercers i pr\u00f2pies per a aconseguir que tingues una millor experi\u00e8ncia de navegaci\u00f3, pugues compartir contingut en xarxes socials i perqu\u00e8 puguem obtindre [&hellip;]<\/p>\n","protected":false},"author":860000,"featured_media":0,"parent":0,"menu_order":0,"comment_status":"closed","ping_status":"closed","template":"elementor_header_footer","meta":{"footnotes":""},"class_list":["post-20744","page","type-page","status-publish","hentry"],"yoast_head":"<!-- This site is optimized with the Yoast SEO plugin v27.3 - https:\/\/yoast.com\/product\/yoast-seo-wordpress\/ -->\n<title>Pol\u00edtica de Cookies del portal web: Revista Al Comp\u00e0s<\/title>\n<meta name=\"description\" content=\"P\u00e0gina sobre la pol\u00edtica de Cookies del portal web: Revista Al Comp\u00e0s on s&#039;establixen l&#039;\u00fas de cookies en el portal.\" \/>\n<meta name=\"robots\" content=\"noindex, nofollow\" \/>\n<meta property=\"og:locale\" content=\"en_US\" \/>\n<meta property=\"og:type\" content=\"article\" \/>\n<meta property=\"og:title\" content=\"Pol\u00edtica de Cookies del portal web: Revista Al Comp\u00e0s\" \/>\n<meta property=\"og:description\" content=\"P\u00e0gina sobre la pol\u00edtica de Cookies del portal web: Revista Al Comp\u00e0s on s&#039;establixen l&#039;\u00fas de cookies en el portal.\" \/>\n<meta property=\"og:url\" content=\"https:\/\/alcompasrevista.com\/va\/cookies\" \/>\n<meta property=\"og:site_name\" content=\"Revista Al Comp\u00e0s\" \/>\n<meta property=\"article:modified_time\" content=\"2024-05-26T06:07:15+00:00\" \/>\n<meta name=\"twitter:card\" content=\"summary_large_image\" \/>\n<meta name=\"twitter:label1\" content=\"Est. reading time\" \/>\n\t<meta name=\"twitter:data1\" content=\"7 minutes\" \/>\n<script type=\"application\/ld+json\" class=\"yoast-schema-graph\">{\"@context\":\"https:\\\/\\\/schema.org\",\"@graph\":[{\"@type\":\"WebPage\",\"@id\":\"https:\\\/\\\/alcompasrevista.com\\\/va\\\/cookies\",\"url\":\"https:\\\/\\\/alcompasrevista.com\\\/va\\\/cookies\",\"name\":\"Pol\u00edtica de Cookies del portal web: Revista Al Comp\u00e0s\",\"isPartOf\":{\"@id\":\"https:\\\/\\\/alcompasrevista.com\\\/#website\"},\"datePublished\":\"2022-04-27T16:20:46+00:00\",\"dateModified\":\"2024-05-26T06:07:15+00:00\",\"description\":\"P\u00e0gina sobre la pol\u00edtica de Cookies del portal web: Revista Al Comp\u00e0s on s'establixen l'\u00fas de cookies en el portal.\",\"breadcrumb\":{\"@id\":\"https:\\\/\\\/alcompasrevista.com\\\/va\\\/cookies#breadcrumb\"},\"inLanguage\":\"va\",\"potentialAction\":[{\"@type\":\"ReadAction\",\"target\":[\"https:\\\/\\\/alcompasrevista.com\\\/va\\\/cookies\"]}]},{\"@type\":\"BreadcrumbList\",\"@id\":\"https:\\\/\\\/alcompasrevista.com\\\/va\\\/cookies#breadcrumb\",\"itemListElement\":[{\"@type\":\"ListItem\",\"position\":1,\"name\":\"Portada\",\"item\":\"https:\\\/\\\/alcompasrevista.com\\\/va\"},{\"@type\":\"ListItem\",\"position\":2,\"name\":\"COOKIES\"}]},{\"@type\":\"WebSite\",\"@id\":\"https:\\\/\\\/alcompasrevista.com\\\/#website\",\"url\":\"https:\\\/\\\/alcompasrevista.com\\\/\",\"name\":\"Revista Al Comp\u00e0s\",\"description\":\"Un proyecto de la Federaci\u00f3n de Sociedades Musicales de la Comunidad Valenciana\",\"publisher\":{\"@id\":\"https:\\\/\\\/alcompasrevista.com\\\/#organization\"},\"potentialAction\":[{\"@type\":\"SearchAction\",\"target\":{\"@type\":\"EntryPoint\",\"urlTemplate\":\"https:\\\/\\\/alcompasrevista.com\\\/?s={search_term_string}\"},\"query-input\":{\"@type\":\"PropertyValueSpecification\",\"valueRequired\":true,\"valueName\":\"search_term_string\"}}],\"inLanguage\":\"va\"},{\"@type\":\"Organization\",\"@id\":\"https:\\\/\\\/alcompasrevista.com\\\/#organization\",\"name\":\"Revista Al Comp\u00e0s\",\"url\":\"https:\\\/\\\/alcompasrevista.com\\\/\",\"logo\":{\"@type\":\"ImageObject\",\"inLanguage\":\"va\",\"@id\":\"https:\\\/\\\/alcompasrevista.com\\\/#\\\/schema\\\/logo\\\/image\\\/\",\"url\":\"https:\\\/\\\/alcompasrevista.com\\\/wp-content\\\/uploads\\\/2022\\\/04\\\/cropped-loog_blanco.png\",\"contentUrl\":\"https:\\\/\\\/alcompasrevista.com\\\/wp-content\\\/uploads\\\/2022\\\/04\\\/cropped-loog_blanco.png\",\"width\":1612,\"height\":724,\"caption\":\"Revista Al Comp\u00e0s\"},\"image\":{\"@id\":\"https:\\\/\\\/alcompasrevista.com\\\/#\\\/schema\\\/logo\\\/image\\\/\"}}]}<\/script>\n<!-- \/ Yoast SEO plugin. -->","yoast_head_json":{"title":"Pol\u00edtica de Cookies del portal web: Revista Al Comp\u00e0s","description":"P\u00e0gina sobre la pol\u00edtica de Cookies del portal web: Revista Al Comp\u00e0s on s'establixen l'\u00fas de cookies en el portal.","robots":{"index":"noindex","follow":"nofollow"},"og_locale":"en_US","og_type":"article","og_title":"Pol\u00edtica de Cookies del portal web: Revista Al Comp\u00e0s","og_description":"P\u00e0gina sobre la pol\u00edtica de Cookies del portal web: Revista Al Comp\u00e0s on s'establixen l'\u00fas de cookies en el portal.","og_url":"https:\/\/alcompasrevista.com\/va\/cookies","og_site_name":"Revista Al Comp\u00e0s","article_modified_time":"2024-05-26T06:07:15+00:00","twitter_card":"summary_large_image","twitter_misc":{"Est. reading time":"7 minutes"},"schema":{"@context":"https:\/\/schema.org","@graph":[{"@type":"WebPage","@id":"https:\/\/alcompasrevista.com\/va\/cookies","url":"https:\/\/alcompasrevista.com\/va\/cookies","name":"Pol\u00edtica de Cookies del portal web: Revista Al Comp\u00e0s","isPartOf":{"@id":"https:\/\/alcompasrevista.com\/#website"},"datePublished":"2022-04-27T16:20:46+00:00","dateModified":"2024-05-26T06:07:15+00:00","description":"P\u00e0gina sobre la pol\u00edtica de Cookies del portal web: Revista Al Comp\u00e0s on s'establixen l'\u00fas de cookies en el portal.","breadcrumb":{"@id":"https:\/\/alcompasrevista.com\/va\/cookies#breadcrumb"},"inLanguage":"va","potentialAction":[{"@type":"ReadAction","target":["https:\/\/alcompasrevista.com\/va\/cookies"]}]},{"@type":"BreadcrumbList","@id":"https:\/\/alcompasrevista.com\/va\/cookies#breadcrumb","itemListElement":[{"@type":"ListItem","position":1,"name":"Portada","item":"https:\/\/alcompasrevista.com\/va"},{"@type":"ListItem","position":2,"name":"COOKIES"}]},{"@type":"WebSite","@id":"https:\/\/alcompasrevista.com\/#website","url":"https:\/\/alcompasrevista.com\/","name":"Revista Al Comp\u00e0s","description":"Un proyecto de la Federaci\u00f3n de Sociedades Musicales de la Comunidad Valenciana","publisher":{"@id":"https:\/\/alcompasrevista.com\/#organization"},"potentialAction":[{"@type":"SearchAction","target":{"@type":"EntryPoint","urlTemplate":"https:\/\/alcompasrevista.com\/?s={search_term_string}"},"query-input":{"@type":"PropertyValueSpecification","valueRequired":true,"valueName":"search_term_string"}}],"inLanguage":"va"},{"@type":"Organization","@id":"https:\/\/alcompasrevista.com\/#organization","name":"Revista Al Comp\u00e0s","url":"https:\/\/alcompasrevista.com\/","logo":{"@type":"ImageObject","inLanguage":"va","@id":"https:\/\/alcompasrevista.com\/#\/schema\/logo\/image\/","url":"https:\/\/alcompasrevista.com\/wp-content\/uploads\/2022\/04\/cropped-loog_blanco.png","contentUrl":"https:\/\/alcompasrevista.com\/wp-content\/uploads\/2022\/04\/cropped-loog_blanco.png","width":1612,"height":724,"caption":"Revista Al Comp\u00e0s"},"image":{"@id":"https:\/\/alcompasrevista.com\/#\/schema\/logo\/image\/"}}]}},"_links":{"self":[{"href":"https:\/\/alcompasrevista.com\/va\/wp-json\/wp\/v2\/pages\/20744","targetHints":{"allow":["GET"]}}],"collection":[{"href":"https:\/\/alcompasrevista.com\/va\/wp-json\/wp\/v2\/pages"}],"about":[{"href":"https:\/\/alcompasrevista.com\/va\/wp-json\/wp\/v2\/types\/page"}],"author":[{"embeddable":true,"href":"https:\/\/alcompasrevista.com\/va\/wp-json\/wp\/v2\/users\/860000"}],"replies":[{"embeddable":true,"href":"https:\/\/alcompasrevista.com\/va\/wp-json\/wp\/v2\/comments?post=20744"}],"version-history":[{"count":0,"href":"https:\/\/alcompasrevista.com\/va\/wp-json\/wp\/v2\/pages\/20744\/revisions"}],"wp:attachment":[{"href":"https:\/\/alcompasrevista.com\/va\/wp-json\/wp\/v2\/media?parent=20744"}],"curies":[{"name":"wp","href":"https:\/\/api.w.org\/{rel}","templated":true}]}}